{"id":1928,"date":"2023-12-01T08:07:14","date_gmt":"2023-12-01T11:07:14","guid":{"rendered":"https:\/\/demosites.royal-elementor-addons.com\/school-v1\/?page_id=9"},"modified":"2024-09-10T19:32:48","modified_gmt":"2024-09-10T22:32:48","slug":"single-class-page","status":"publish","type":"page","link":"https:\/\/ireti.com.br\/?page_id=1928","title":{"rendered":"Oficina de Paladar dos Sentidos"},"content":{"rendered":"\t\t<div data-elementor-type=\"wp-page\" data-elementor-id=\"1928\" class=\"elementor elementor-1928\">\n\t\t\t\t<div class=\"elementor-element elementor-element-b9bbd35 e-flex e-con-boxed wpr-particle-no wpr-jarallax-no wpr-parallax-no wpr-sticky-section-no e-con e-parent\" data-id=\"b9bbd35\" data-element_type=\"container\" data-settings=\"{&quot;background_background&quot;:&quot;classic&quot;}\">\n\t\t\t\t\t<div class=\"e-con-inner\">\n\t\t\t\t<div class=\"elementor-element elementor-element-024d5ae elementor-widget elementor-widget-heading\" data-id=\"024d5ae\" data-element_type=\"widget\" data-widget_type=\"heading.default\">\n\t\t\t\t<div class=\"elementor-widget-container\">\n\t\t\t<style>\/*! elementor - v3.23.0 - 05-08-2024 *\/\n.elementor-heading-title{padding:0;margin:0;line-height:1}.elementor-widget-heading .elementor-heading-title[class*=elementor-size-]>a{color:inherit;font-size:inherit;line-height:inherit}.elementor-widget-heading .elementor-heading-title.elementor-size-small{font-size:15px}.elementor-widget-heading .elementor-heading-title.elementor-size-medium{font-size:19px}.elementor-widget-heading .elementor-heading-title.elementor-size-large{font-size:29px}.elementor-widget-heading .elementor-heading-title.elementor-size-xl{font-size:39px}.elementor-widget-heading .elementor-heading-title.elementor-size-xxl{font-size:59px}<\/style><h2 class=\"elementor-heading-title elementor-size-default\">Oficina de Paladar dos Sentidos<\/h2>\t\t<\/div>\n\t\t\t\t<\/div>\n\t\t\t\t<div class=\"elementor-element elementor-element-a8950e2 elementor-widget elementor-widget-heading\" data-id=\"a8950e2\" data-element_type=\"widget\" data-widget_type=\"heading.default\">\n\t\t\t\t<div class=\"elementor-widget-container\">\n\t\t\t<h2 class=\"elementor-heading-title elementor-size-default\">Degusta\u00e7\u00e3o de Iguarias Africanas<\/h2>\t\t<\/div>\n\t\t\t\t<\/div>\n\t\t\t\t\t<\/div>\n\t\t\t\t<\/div>\n\t\t<div class=\"elementor-element elementor-element-92fb874 e-flex e-con-boxed wpr-particle-no wpr-jarallax-no wpr-parallax-no wpr-sticky-section-no e-con e-parent\" data-id=\"92fb874\" data-element_type=\"container\">\n\t\t\t\t\t<div class=\"e-con-inner\">\n\t\t<div class=\"elementor-element elementor-element-359b2a7 e-con-full e-flex wpr-particle-no wpr-jarallax-no wpr-parallax-no wpr-sticky-section-no e-con e-child\" data-id=\"359b2a7\" data-element_type=\"container\">\n\t\t\t\t<div class=\"elementor-element elementor-element-1dfe940 elementor-widget elementor-widget-heading\" data-id=\"1dfe940\" data-element_type=\"widget\" data-widget_type=\"heading.default\">\n\t\t\t\t<div class=\"elementor-widget-container\">\n\t\t\t<h2 class=\"elementor-heading-title elementor-size-default\">Oficina de Paladar dos Sentidos<\/h2>\t\t<\/div>\n\t\t\t\t<\/div>\n\t\t<div class=\"elementor-element elementor-element-6177faa e-flex e-con-boxed wpr-particle-no wpr-jarallax-no wpr-parallax-no wpr-sticky-section-no e-con e-child\" data-id=\"6177faa\" data-element_type=\"container\">\n\t\t\t\t\t<div class=\"e-con-inner\">\n\t\t<div class=\"elementor-element elementor-element-90f919b e-con-full e-flex wpr-particle-no wpr-jarallax-no wpr-parallax-no wpr-sticky-section-no e-con e-child\" data-id=\"90f919b\" data-element_type=\"container\">\n\t\t\t\t<div class=\"elementor-element elementor-element-4e36b57 elementor-vertical-align-middle elementor-widget elementor-widget-image-box\" data-id=\"4e36b57\" data-element_type=\"widget\" data-widget_type=\"image-box.default\">\n\t\t\t\t<div class=\"elementor-widget-container\">\n\t\t\t<style>.elementor-widget-image-box .elementor-image-box-content{width:100%}@media (min-width:768px){.elementor-widget-image-box.elementor-position-left .elementor-image-box-wrapper,.elementor-widget-image-box.elementor-position-right .elementor-image-box-wrapper{display:flex}.elementor-widget-image-box.elementor-position-right .elementor-image-box-wrapper{text-align:end;flex-direction:row-reverse}.elementor-widget-image-box.elementor-position-left .elementor-image-box-wrapper{text-align:start;flex-direction:row}.elementor-widget-image-box.elementor-position-top .elementor-image-box-img{margin:auto}.elementor-widget-image-box.elementor-vertical-align-top .elementor-image-box-wrapper{align-items:flex-start}.elementor-widget-image-box.elementor-vertical-align-middle .elementor-image-box-wrapper{align-items:center}.elementor-widget-image-box.elementor-vertical-align-bottom .elementor-image-box-wrapper{align-items:flex-end}}@media (max-width:767px){.elementor-widget-image-box .elementor-image-box-img{margin-left:auto!important;margin-right:auto!important;margin-bottom:15px}}.elementor-widget-image-box .elementor-image-box-img{display:inline-block}.elementor-widget-image-box .elementor-image-box-title a{color:inherit}.elementor-widget-image-box .elementor-image-box-wrapper{text-align:center}.elementor-widget-image-box .elementor-image-box-description{margin:0}<\/style><div class=\"elementor-image-box-wrapper\"><div class=\"elementor-image-box-content\"><h3 class=\"elementor-image-box-title\">Data de cria\u00e7\u00e3o<\/h3><p class=\"elementor-image-box-description\">Agosto, 2024<\/p><\/div><\/div>\t\t<\/div>\n\t\t\t\t<\/div>\n\t\t\t\t<\/div>\n\t\t<div class=\"elementor-element elementor-element-03326bb e-con-full e-flex wpr-particle-no wpr-jarallax-no wpr-parallax-no wpr-sticky-section-no e-con e-child\" data-id=\"03326bb\" data-element_type=\"container\">\n\t\t\t\t<div class=\"elementor-element elementor-element-53a3623 elementor-vertical-align-middle elementor-widget elementor-widget-image-box\" data-id=\"53a3623\" data-element_type=\"widget\" data-widget_type=\"image-box.default\">\n\t\t\t\t<div class=\"elementor-widget-container\">\n\t\t\t<div class=\"elementor-image-box-wrapper\"><div class=\"elementor-image-box-content\"><h3 class=\"elementor-image-box-title\">\u00daltima atualiza\u00e7\u00e3o<\/h3><p class=\"elementor-image-box-description\">Agosto, 2024<\/p><\/div><\/div>\t\t<\/div>\n\t\t\t\t<\/div>\n\t\t\t\t<\/div>\n\t\t<div class=\"elementor-element elementor-element-f866895 e-con-full e-flex wpr-particle-no wpr-jarallax-no wpr-parallax-no wpr-sticky-section-no e-con e-child\" data-id=\"f866895\" data-element_type=\"container\">\n\t\t\t\t<div class=\"elementor-element elementor-element-1210317 elementor-vertical-align-middle elementor-widget elementor-widget-image-box\" data-id=\"1210317\" data-element_type=\"widget\" data-widget_type=\"image-box.default\">\n\t\t\t\t<div class=\"elementor-widget-container\">\n\t\t\t<div class=\"elementor-image-box-wrapper\"><div class=\"elementor-image-box-content\"><h3 class=\"elementor-image-box-title\">Estudantes<\/h3><p class=\"elementor-image-box-description\">14<\/p><\/div><\/div>\t\t<\/div>\n\t\t\t\t<\/div>\n\t\t\t\t<\/div>\n\t\t<div class=\"elementor-element elementor-element-6331eb1 e-con-full e-flex wpr-particle-no wpr-jarallax-no wpr-parallax-no wpr-sticky-section-no e-con e-child\" data-id=\"6331eb1\" data-element_type=\"container\">\n\t\t\t\t<div class=\"elementor-element elementor-element-71fc0c0 elementor-vertical-align-middle elementor-widget elementor-widget-image-box\" data-id=\"71fc0c0\" data-element_type=\"widget\" data-widget_type=\"image-box.default\">\n\t\t\t\t<div class=\"elementor-widget-container\">\n\t\t\t<div class=\"elementor-image-box-wrapper\"><div class=\"elementor-image-box-content\"><h3 class=\"elementor-image-box-title\">Professores<\/h3><p class=\"elementor-image-box-description\">2<\/p><\/div><\/div>\t\t<\/div>\n\t\t\t\t<\/div>\n\t\t\t\t<\/div>\n\t\t\t\t\t<\/div>\n\t\t\t\t<\/div>\n\t\t<div class=\"elementor-element elementor-element-fded889 e-con-full e-grid wpr-particle-no wpr-jarallax-no wpr-parallax-no wpr-sticky-section-no e-con e-child\" data-id=\"fded889\" data-element_type=\"container\">\n\t\t\t\t<div class=\"elementor-element elementor-element-e0d0f86 elementor-widget elementor-widget-image\" data-id=\"e0d0f86\" data-element_type=\"widget\" data-widget_type=\"image.default\">\n\t\t\t\t<div class=\"elementor-widget-container\">\n\t\t\t<style>\/*! elementor - v3.23.0 - 05-08-2024 *\/\n.elementor-widget-image{text-align:center}.elementor-widget-image a{display:inline-block}.elementor-widget-image a img[src$=\".svg\"]{width:48px}.elementor-widget-image img{vertical-align:middle;display:inline-block}<\/style>\t\t\t\t\t\t\t\t\t\t<img fetchpriority=\"high\" decoding=\"async\" width=\"800\" height=\"500\" src=\"http:\/\/ireti.com.br\/wp-content\/uploads\/2024\/01\/Class-4.jpg\" class=\"attachment-large size-large wp-image-821\" alt=\"\" srcset=\"http:\/\/ireti.com.br\/wp-content\/uploads\/2024\/01\/Class-4.jpg 800w, http:\/\/ireti.com.br\/wp-content\/uploads\/2024\/01\/Class-4-300x188.jpg 300w, http:\/\/ireti.com.br\/wp-content\/uploads\/2024\/01\/Class-4-768x480.jpg 768w\" sizes=\"(max-width: 800px) 100vw, 800px\" \/>\t\t\t\t\t\t\t\t\t\t\t\t\t<\/div>\n\t\t\t\t<\/div>\n\t\t<div class=\"elementor-element elementor-element-614a14b e-con-full e-flex wpr-particle-no wpr-jarallax-no wpr-parallax-no wpr-sticky-section-no e-con e-child\" data-id=\"614a14b\" data-element_type=\"container\">\n\t\t<div class=\"elementor-element elementor-element-54aedf7 e-con-full e-flex wpr-particle-no wpr-jarallax-no wpr-parallax-no wpr-sticky-section-no e-con e-child\" data-id=\"54aedf7\" data-element_type=\"container\">\n\t\t<div class=\"elementor-element elementor-element-eb4404b e-con-full e-flex wpr-particle-no wpr-jarallax-no wpr-parallax-no wpr-sticky-section-no e-con e-child\" data-id=\"eb4404b\" data-element_type=\"container\">\n\t\t\t\t<div class=\"elementor-element elementor-element-f7e8c11 elementor-position-left elementor-vertical-align-middle elementor-widget elementor-widget-image-box\" data-id=\"f7e8c11\" data-element_type=\"widget\" data-widget_type=\"image-box.default\">\n\t\t\t\t<div class=\"elementor-widget-container\">\n\t\t\t<div class=\"elementor-image-box-wrapper\"><figure class=\"elementor-image-box-img\"><img decoding=\"async\" width=\"400\" height=\"400\" src=\"http:\/\/ireti.com.br\/wp-content\/uploads\/2024\/01\/icons-2.png\" class=\"attachment-full size-full wp-image-1022\" alt=\"\" srcset=\"https:\/\/ireti.com.br\/wp-content\/uploads\/2024\/01\/icons-2.png 400w, https:\/\/ireti.com.br\/wp-content\/uploads\/2024\/01\/icons-2-300x300.png 300w, https:\/\/ireti.com.br\/wp-content\/uploads\/2024\/01\/icons-2-150x150.png 150w\" sizes=\"(max-width: 400px) 100vw, 400px\" \/><\/figure><div class=\"elementor-image-box-content\"><h3 class=\"elementor-image-box-title\">DID\u00c1TICA<\/h3><p class=\"elementor-image-box-description\">Pickler<\/p><\/div><\/div>\t\t<\/div>\n\t\t\t\t<\/div>\n\t\t\t\t<\/div>\n\t\t<div class=\"elementor-element elementor-element-1e0a296 e-con-full e-flex wpr-particle-no wpr-jarallax-no wpr-parallax-no wpr-sticky-section-no e-con e-child\" data-id=\"1e0a296\" data-element_type=\"container\">\n\t\t\t\t<div class=\"elementor-element elementor-element-fc7e0df elementor-position-left elementor-vertical-align-middle elementor-widget elementor-widget-image-box\" data-id=\"fc7e0df\" data-element_type=\"widget\" data-widget_type=\"image-box.default\">\n\t\t\t\t<div class=\"elementor-widget-container\">\n\t\t\t<div class=\"elementor-image-box-wrapper\"><figure class=\"elementor-image-box-img\"><img decoding=\"async\" width=\"400\" height=\"400\" src=\"http:\/\/ireti.com.br\/wp-content\/uploads\/2024\/01\/icons-3.png\" class=\"attachment-full size-full wp-image-1021\" alt=\"\" srcset=\"https:\/\/ireti.com.br\/wp-content\/uploads\/2024\/01\/icons-3.png 400w, https:\/\/ireti.com.br\/wp-content\/uploads\/2024\/01\/icons-3-300x300.png 300w, https:\/\/ireti.com.br\/wp-content\/uploads\/2024\/01\/icons-3-150x150.png 150w\" sizes=\"(max-width: 400px) 100vw, 400px\" \/><\/figure><div class=\"elementor-image-box-content\"><h3 class=\"elementor-image-box-title\">PR\u00c1TICA<\/h3><p class=\"elementor-image-box-description\">Degusta\u00e7\u00e3o Cultural<\/p><\/div><\/div>\t\t<\/div>\n\t\t\t\t<\/div>\n\t\t\t\t<\/div>\n\t\t\t\t<\/div>\n\t\t\t\t<div class=\"elementor-element elementor-element-717b648 elementor-align-left elementor-widget elementor-widget-button\" data-id=\"717b648\" data-element_type=\"widget\" data-widget_type=\"button.default\">\n\t\t\t\t<div class=\"elementor-widget-container\">\n\t\t\t\t\t<div class=\"elementor-button-wrapper\">\n\t\t\t<a class=\"elementor-button elementor-button-link elementor-size-sm\" href=\"#\">\n\t\t\t\t\t\t<span class=\"elementor-button-content-wrapper\">\n\t\t\t\t\t\t\t\t\t<span class=\"elementor-button-text\">Entre em contato conosco<\/span>\n\t\t\t\t\t<\/span>\n\t\t\t\t\t<\/a>\n\t\t<\/div>\n\t\t\t\t<\/div>\n\t\t\t\t<\/div>\n\t\t\t\t<\/div>\n\t\t\t\t<\/div>\n\t\t\t\t<div class=\"elementor-element elementor-element-5dfbd5d elementor-widget elementor-widget-heading\" data-id=\"5dfbd5d\" data-element_type=\"widget\" data-widget_type=\"heading.default\">\n\t\t\t\t<div class=\"elementor-widget-container\">\n\t\t\t<h2 class=\"elementor-heading-title elementor-size-default\">Descri\u00e7\u00e3o:<\/h2>\t\t<\/div>\n\t\t\t\t<\/div>\n\t\t\t\t<div class=\"elementor-element elementor-element-0bdb14c elementor-widget elementor-widget-text-editor\" data-id=\"0bdb14c\" data-element_type=\"widget\" data-widget_type=\"text-editor.default\">\n\t\t\t\t<div class=\"elementor-widget-container\">\n\t\t\t<style>\/*! elementor - v3.23.0 - 05-08-2024 *\/\n.elementor-widget-text-editor.elementor-drop-cap-view-stacked .elementor-drop-cap{background-color:#69727d;color:#fff}.elementor-widget-text-editor.elementor-drop-cap-view-framed .elementor-drop-cap{color:#69727d;border:3px solid;background-color:transparent}.elementor-widget-text-editor:not(.elementor-drop-cap-view-default) .elementor-drop-cap{margin-top:8px}.elementor-widget-text-editor:not(.elementor-drop-cap-view-default) .elementor-drop-cap-letter{width:1em;height:1em}.elementor-widget-text-editor .elementor-drop-cap{float:left;text-align:center;line-height:1;font-size:50px}.elementor-widget-text-editor .elementor-drop-cap-letter{display:inline-block}<\/style>\t\t\t\t<p>A <strong>Oficina de Paladar dos Sentidos<\/strong> proporciona uma experi\u00eancia imersiva e deliciosa, onde os participantes ter\u00e3o a oportunidade de degustar pratos t\u00edpicos da <strong>culin\u00e1ria africana<\/strong> e afro-brasileira. Atrav\u00e9s da degusta\u00e7\u00e3o de pratos como <strong>acaraj\u00e9<\/strong>, <strong>fufu<\/strong>, <strong>doce de coco<\/strong>, e <strong>canjica<\/strong>, os participantes n\u00e3o apenas experimentar\u00e3o os sabores vibrantes e ricos da comida africana, mas tamb\u00e9m aprender\u00e3o sobre os ingredientes, as t\u00e9cnicas e os <strong>significados culturais<\/strong> que tornam essa culin\u00e1ria uma parte essencial da identidade afrodescendente. A oficina conecta o <strong>paladar<\/strong> aos valores culturais e hist\u00f3ricos da \u00c1frica, promovendo uma compreens\u00e3o mais profunda sobre a <strong>influ\u00eancia africana<\/strong> na gastronomia brasileira.<\/p><p>Para as <strong>crian\u00e7as<\/strong>, a oficina oferece uma forma divertida e educativa de descobrir novos sabores e aprender sobre a hist\u00f3ria por tr\u00e1s de cada prato. Ao experimentar comidas como o acaraj\u00e9, que faz parte das tradi\u00e7\u00f5es do Candombl\u00e9, ou o fufu, que \u00e9 amplamente consumido na \u00c1frica Ocidental, as crian\u00e7as desenvolvem uma maior <strong>curiosidade<\/strong> e <strong>aprecia\u00e7\u00e3o<\/strong> pela diversidade culin\u00e1ria. A oficina tamb\u00e9m ensina sobre a <strong>import\u00e2ncia dos alimentos<\/strong> na preserva\u00e7\u00e3o da <strong>identidade cultural<\/strong> e como a culin\u00e1ria pode ser uma forma de transmitir tradi\u00e7\u00f5es e valores de gera\u00e7\u00e3o em gera\u00e7\u00e3o. Al\u00e9m disso, \u00e9 uma oportunidade para as crian\u00e7as compreenderem a <strong>diversidade alimentar<\/strong> e aprenderem a valorizar os diferentes sabores e influ\u00eancias culturais presentes na cozinha afro-brasileira.<\/p><p>Para os <strong>professores<\/strong>, a oficina oferece uma ferramenta pr\u00e1tica para discutir a <strong>educa\u00e7\u00e3o antirracista<\/strong> e a <strong>diversidade cultural<\/strong> atrav\u00e9s da culin\u00e1ria. A degusta\u00e7\u00e3o de pratos t\u00edpicos africanos permite que os educadores explorem as conex\u00f5es entre os alimentos e a <strong>ancestralidade<\/strong>, destacando como a culin\u00e1ria africana influenciou a forma\u00e7\u00e3o dos costumes alimentares brasileiros. Al\u00e9m de promover o respeito pela <strong>cultura afro-brasileira<\/strong>, a oficina proporciona aos professores uma maneira de integrar hist\u00f3ria, cultura e gastronomia, mostrando como os alimentos podem ser utilizados para <strong>preservar tradi\u00e7\u00f5es<\/strong> e contar hist\u00f3rias sobre <strong>resist\u00eancia<\/strong> e <strong>identidade<\/strong>.<\/p><p>Ao final da oficina, tanto crian\u00e7as quanto professores ter\u00e3o experimentado n\u00e3o apenas novos sabores, mas tamb\u00e9m um novo entendimento sobre o <strong>significado cultural<\/strong> dos alimentos. A <strong>degusta\u00e7\u00e3o de iguarias africanas<\/strong> oferece uma experi\u00eancia sensorial que refor\u00e7a a import\u00e2ncia de celebrar e valorizar a <strong>diversidade cultural<\/strong> por meio da culin\u00e1ria, conectando os participantes \u00e0s suas ra\u00edzes e \u00e0 riqueza da influ\u00eancia africana na gastronomia brasileira.<\/p>\t\t\t\t\t\t<\/div>\n\t\t\t\t<\/div>\n\t\t\t\t<\/div>\n\t\t\t\t\t<\/div>\n\t\t\t\t<\/div>\n\t\t\t\t<\/div>\n\t\t","protected":false},"excerpt":{"rendered":"<p>Oficina de Paladar dos Sentidos Degusta\u00e7\u00e3o de Iguarias Africanas Oficina de Paladar dos Sentidos Data de cria\u00e7\u00e3o Agosto, 2024 \u00daltima atualiza\u00e7\u00e3o Agosto, 2024 Estudantes 14 Professores 2 DID\u00c1TICA Pickler PR\u00c1TICA Degusta\u00e7\u00e3o Cultural Entre em contato conosco Descri\u00e7\u00e3o: A Oficina de Paladar dos Sentidos proporciona uma experi\u00eancia imersiva e deliciosa, onde os participantes ter\u00e3o a oportunidade de degustar pratos t\u00edpicos da culin\u00e1ria africana e afro-brasileira. Atrav\u00e9s da degusta\u00e7\u00e3o de pratos como acaraj\u00e9, fufu, doce de coco, e canjica, os participantes n\u00e3o apenas experimentar\u00e3o os sabores vibrantes e ricos da comida africana, mas tamb\u00e9m aprender\u00e3o sobre os ingredientes, as t\u00e9cnicas e os significados culturais que tornam essa culin\u00e1ria uma parte essencial da identidade afrodescendente. A oficina conecta o paladar aos valores culturais e hist\u00f3ricos da \u00c1frica, promovendo uma compreens\u00e3o mais profunda sobre a influ\u00eancia africana na gastronomia brasileira. Para as crian\u00e7as, a oficina oferece uma forma divertida e educativa de descobrir novos sabores e aprender sobre a hist\u00f3ria por tr\u00e1s de cada prato. Ao experimentar comidas como o acaraj\u00e9, que faz parte das tradi\u00e7\u00f5es do Candombl\u00e9, ou o fufu, que \u00e9 amplamente consumido na \u00c1frica Ocidental, as crian\u00e7as desenvolvem uma maior curiosidade e aprecia\u00e7\u00e3o pela diversidade culin\u00e1ria. A oficina tamb\u00e9m ensina sobre a import\u00e2ncia dos alimentos na preserva\u00e7\u00e3o da identidade cultural e como a culin\u00e1ria pode ser uma forma de transmitir tradi\u00e7\u00f5es e valores de gera\u00e7\u00e3o em gera\u00e7\u00e3o. Al\u00e9m disso, \u00e9 uma oportunidade para as crian\u00e7as compreenderem a diversidade alimentar e aprenderem a valorizar os diferentes sabores e influ\u00eancias culturais presentes na cozinha afro-brasileira. Para os professores, a oficina oferece uma ferramenta pr\u00e1tica para discutir a educa\u00e7\u00e3o antirracista e a diversidade cultural atrav\u00e9s da culin\u00e1ria. A degusta\u00e7\u00e3o de pratos t\u00edpicos africanos permite que os educadores explorem as conex\u00f5es entre os alimentos e a ancestralidade, destacando como a culin\u00e1ria africana influenciou a forma\u00e7\u00e3o dos costumes alimentares brasileiros. Al\u00e9m de promover o respeito pela cultura afro-brasileira, a oficina proporciona aos professores uma maneira de integrar hist\u00f3ria, cultura e gastronomia, mostrando como os alimentos podem ser utilizados para preservar tradi\u00e7\u00f5es e contar hist\u00f3rias sobre resist\u00eancia e identidade. Ao final da oficina, tanto crian\u00e7as quanto professores ter\u00e3o experimentado n\u00e3o apenas novos sabores, mas tamb\u00e9m um novo entendimento sobre o significado cultural dos alimentos. A degusta\u00e7\u00e3o de iguarias africanas oferece uma experi\u00eancia sensorial que refor\u00e7a a import\u00e2ncia de celebrar e valorizar a diversidade cultural por meio da culin\u00e1ria, conectando os participantes \u00e0s suas ra\u00edzes e \u00e0 riqueza da influ\u00eancia africana na gastronomia brasileira.<\/p>\n","protected":false},"author":1,"featured_media":0,"parent":0,"menu_order":0,"comment_status":"closed","ping_status":"closed","template":"elementor_canvas","meta":{"footnotes":""},"class_list":["post-1928","page","type-page","status-publish","hentry"],"jetpack_sharing_enabled":true,"_links":{"self":[{"href":"https:\/\/ireti.com.br\/index.php?rest_route=\/wp\/v2\/pages\/1928"}],"collection":[{"href":"https:\/\/ireti.com.br\/index.php?rest_route=\/wp\/v2\/pages"}],"about":[{"href":"https:\/\/ireti.com.br\/index.php?rest_route=\/wp\/v2\/types\/page"}],"author":[{"embeddable":true,"href":"https:\/\/ireti.com.br\/index.php?rest_route=\/wp\/v2\/users\/1"}],"replies":[{"embeddable":true,"href":"https:\/\/ireti.com.br\/index.php?rest_route=%2Fwp%2Fv2%2Fcomments&post=1928"}],"version-history":[{"count":4,"href":"https:\/\/ireti.com.br\/index.php?rest_route=\/wp\/v2\/pages\/1928\/revisions"}],"predecessor-version":[{"id":2367,"href":"https:\/\/ireti.com.br\/index.php?rest_route=\/wp\/v2\/pages\/1928\/revisions\/2367"}],"wp:attachment":[{"href":"https:\/\/ireti.com.br\/index.php?rest_route=%2Fwp%2Fv2%2Fmedia&parent=1928"}],"curies":[{"name":"wp","href":"https:\/\/api.w.org\/{rel}","templated":true}]}}